{"id":3733,"date":"2024-09-26T14:23:08","date_gmt":"2024-09-26T12:23:08","guid":{"rendered":"https:\/\/honuahonu.com\/?page_id=3733"},"modified":"2024-09-26T14:31:45","modified_gmt":"2024-09-26T12:31:45","slug":"les-gardiens-de-lile","status":"publish","type":"page","link":"https:\/\/honuahonu.com\/index.php\/les-gardiens-de-lile\/","title":{"rendered":"Les gardiens de l&rsquo;\u00eele"},"content":{"rendered":"\n<div style=\"height:50px\" aria-hidden=\"true\" class=\"wp-block-spacer\"><\/div>\n\n\n\n<h1 class=\"wp-block-heading has-text-align-center\">Les gardiens de l&rsquo;\u00eele<\/h1>\n\n\n\n<div class=\"wp-block-uagb-image aligncenter uagb-block-2501db87 wp-block-uagb-image--layout-default wp-block-uagb-image--effect-zoomin wp-block-uagb-image--align-center\"><figure class=\"wp-block-uagb-image__figure\"><img decoding=\"async\" srcset=\"https:\/\/honuahonu.com\/wp-content\/uploads\/2024\/09\/baston.jpg ,https:\/\/honuahonu.com\/wp-content\/uploads\/2024\/09\/baston.jpg 780w, https:\/\/honuahonu.com\/wp-content\/uploads\/2024\/09\/baston.jpg 360w\" sizes=\"auto, (max-width: 480px) 150px\" src=\"https:\/\/honuahonu.com\/wp-content\/uploads\/2024\/09\/baston.jpg\" alt=\"Baston\" class=\"uag-image-3735\" width=\"600\" height=\"1012\" title=\"baston\" loading=\"lazy\" role=\"img\"\/><\/figure><\/div>\n\n\n\n<p><\/p>\n\n\n\n<div class=\"wp-block-uagb-container uagb-block-29528705 alignfull uagb-is-root-container\"><div class=\"uagb-container-inner-blocks-wrap\">\n<div class=\"wp-block-uagb-container uagb-layout-flex uagb-block-fb4b7e34\">\n<div class=\"wp-block-uagb-container uagb-block-d2d31227\">\n<div class=\"wp-block-uagb-image aligncenter uagb-block-1c91ce91 wp-block-uagb-image--layout-default wp-block-uagb-image--effect-static wp-block-uagb-image--align-center\"><figure class=\"wp-block-uagb-image__figure\"><img decoding=\"async\" srcset=\"https:\/\/honuahonu.com\/wp-content\/uploads\/2024\/09\/Gardiens.png ,https:\/\/honuahonu.com\/wp-content\/uploads\/2024\/09\/Gardiens.png 780w, https:\/\/honuahonu.com\/wp-content\/uploads\/2024\/09\/Gardiens.png 360w\" sizes=\"auto, (max-width: 480px) 150px\" src=\"https:\/\/honuahonu.com\/wp-content\/uploads\/2024\/09\/Gardiens.png\" alt=\"Gardien de l'\u00eele\" class=\"uag-image-3736\" width=\"3508\" height=\"2480\" title=\"Gardiens\" loading=\"lazy\" role=\"img\"\/><\/figure><\/div>\n<\/div>\n\n\n\n<div class=\"wp-block-uagb-container uagb-block-8ddcf88a\">\n<p><\/p>\n\n\n\n<h5 class=\"wp-block-heading has-text-align-center\" style=\"text-transform:uppercase\">Parce qu&rsquo;il n&rsquo;y a pas que les bonbons qui font tomber les dents !<\/h5>\n\n\n\n<p>Les <strong>Honu<\/strong> veillent sur leur \u00eele, toujours pr\u00eates pour le jour o\u00f9 leur ennemi jur\u00e9 refera surface. Elles s&rsquo;entra\u00eenent sans rel\u00e2che, perfectionnant leurs comp\u00e9tences pour d\u00e9fendre leur territoire.<\/p>\n\n\n\n<p>Plonge dans cet univers captivant et forme tes propres <strong>Honu<\/strong>. Strat\u00e9gie, analyse et choix de l\u2019\u00e9quipement seront tes meilleures armes pour devenir un combattant redoutable. Ou peut-\u00eatre pas ?<\/p>\n\n\n\n<p>Le jeu sera officiellement pr\u00e9sent\u00e9 le 03\/10\/2024 sur <a href=\"https:\/\/discord.gg\/amqk4Hjn?event=1286600232431521823\" target=\"_blank\" rel=\"noopener\" title=\"Discord\">Discord<\/a>, avec le lancement de la phase de b\u00eata test. Celle-ci sera suivie par l&rsquo;<strong>Anotau 1<\/strong> (Saison 1) et l&rsquo;<strong>Anotau 2<\/strong> d\u00e8s d\u00e9but 2025.<\/p>\n\n\n\n<p>D&rsquo;autres informations arriveront tr\u00e8s bient\u00f4t !<\/p>\n<\/div>\n<\/div>\n<\/div><\/div>\n","protected":false},"excerpt":{"rendered":"<p>Les gardiens de l&rsquo;\u00eele Parce qu&rsquo;il n&rsquo;y a pas que les bonbons qui font tomber les dents ! Les Honu veillent sur leur \u00eele, toujours pr\u00eates pour le jour o\u00f9 leur ennemi jur\u00e9 refera surface. Elles s&rsquo;entra\u00eenent sans rel\u00e2che, perfectionnant leurs comp\u00e9tences pour d\u00e9fendre leur territoire. Plonge dans cet univers captivant et forme tes propres [&hellip;]<\/p>\n","protected":false},"author":1,"featured_media":2664,"parent":0,"menu_order":0,"comment_status":"closed","ping_status":"closed","template":"","meta":{"om_disable_all_campaigns":false,"_uag_custom_page_level_css":"","_monsterinsights_skip_tracking":false,"_monsterinsights_sitenote_active":false,"_monsterinsights_sitenote_note":"","_monsterinsights_sitenote_category":0,"_uf_show_specific_survey":0,"_uf_disable_surveys":false,"site-sidebar-layout":"default","site-content-layout":"","ast-site-content-layout":"full-width-container","site-content-style":"unboxed","site-sidebar-style":"unboxed","ast-global-header-display":"","ast-banner-title-visibility":"","ast-main-header-display":"","ast-hfb-above-header-display":"","ast-hfb-below-header-display":"","ast-hfb-mobile-header-display":"","site-post-title":"","ast-breadcrumbs-content":"","ast-featured-img":"","footer-sml-layout":"","theme-transparent-header-meta":"","adv-header-id-meta":"","stick-header-meta":"","header-above-stick-meta":"","header-main-stick-meta":"","header-below-stick-meta":"","astra-migrate-meta-layouts":"set","ast-page-background-enabled":"default","ast-page-background-meta":{"desktop":{"background-color":"var(--ast-global-color-4)","background-image":"","background-repeat":"repeat","background-position":"center center","background-size":"auto","background-attachment":"scroll","background-type":"","background-media":"","overlay-type":"","overlay-color":"","overlay-opacity":"","overlay-gradient":""},"tablet":{"background-color":"","background-image":"","background-repeat":"repeat","background-position":"center center","background-size":"auto","background-attachment":"scroll","background-type":"","background-media":"","overlay-type":"","overlay-color":"","overlay-opacity":"","overlay-gradient":""},"mobile":{"background-color":"","background-image":"","background-repeat":"repeat","background-position":"center center","background-size":"auto","background-attachment":"scroll","background-type":"","background-media":"","overlay-type":"","overlay-color":"","overlay-opacity":"","overlay-gradient":""}},"ast-content-background-meta":{"desktop":{"background-color":"var(--ast-global-color-5)","background-image":"","background-repeat":"repeat","background-position":"center center","background-size":"auto","background-attachment":"scroll","background-type":"","background-media":"","overlay-type":"","overlay-color":"","overlay-opacity":"","overlay-gradient":""},"tablet":{"background-color":"var(--ast-global-color-5)","background-image":"","background-repeat":"repeat","background-position":"center center","background-size":"auto","background-attachment":"scroll","background-type":"","background-media":"","overlay-type":"","overlay-color":"","overlay-opacity":"","overlay-gradient":""},"mobile":{"background-color":"var(--ast-global-color-5)","background-image":"","background-repeat":"repeat","background-position":"center center","background-size":"auto","background-attachment":"scroll","background-type":"","background-media":"","overlay-type":"","overlay-color":"","overlay-opacity":"","overlay-gradient":""}},"footnotes":""},"folder":[],"class_list":["post-3733","page","type-page","status-publish","has-post-thumbnail","hentry"],"aioseo_notices":[],"uagb_featured_image_src":{"full":["https:\/\/honuahonu.com\/wp-content\/uploads\/2023\/09\/snap2023-05-22-12-18-10.png",960,540,false],"thumbnail":["https:\/\/honuahonu.com\/wp-content\/uploads\/2023\/09\/snap2023-05-22-12-18-10-150x150.png",150,150,true],"medium":["https:\/\/honuahonu.com\/wp-content\/uploads\/2023\/09\/snap2023-05-22-12-18-10-300x169.png",300,169,true],"medium_large":["https:\/\/honuahonu.com\/wp-content\/uploads\/2023\/09\/snap2023-05-22-12-18-10-768x432.png",768,432,true],"large":["https:\/\/honuahonu.com\/wp-content\/uploads\/2023\/09\/snap2023-05-22-12-18-10.png",960,540,false],"1536x1536":["https:\/\/honuahonu.com\/wp-content\/uploads\/2023\/09\/snap2023-05-22-12-18-10.png",960,540,false],"2048x2048":["https:\/\/honuahonu.com\/wp-content\/uploads\/2023\/09\/snap2023-05-22-12-18-10.png",960,540,false],"woocommerce_thumbnail":["https:\/\/honuahonu.com\/wp-content\/uploads\/2023\/09\/snap2023-05-22-12-18-10-300x300.png",300,300,true],"woocommerce_single":["https:\/\/honuahonu.com\/wp-content\/uploads\/2023\/09\/snap2023-05-22-12-18-10-600x338.png",600,338,true],"woocommerce_gallery_thumbnail":["https:\/\/honuahonu.com\/wp-content\/uploads\/2023\/09\/snap2023-05-22-12-18-10-100x100.png",100,100,true]},"uagb_author_info":{"display_name":"Cryptortue","author_link":"https:\/\/honuahonu.com\/index.php\/author\/honuahonu-fr\/"},"uagb_comment_info":0,"uagb_excerpt":"Les gardiens de l&rsquo;\u00eele Parce qu&rsquo;il n&rsquo;y a pas que les bonbons qui font tomber les dents ! Les Honu veillent sur leur \u00eele, toujours pr\u00eates pour le jour o\u00f9 leur ennemi jur\u00e9 refera surface. Elles s&rsquo;entra\u00eenent sans rel\u00e2che, perfectionnant leurs comp\u00e9tences pour d\u00e9fendre leur territoire. Plonge dans cet univers captivant et forme tes propres\u2026","_links":{"self":[{"href":"https:\/\/honuahonu.com\/index.php\/wp-json\/wp\/v2\/pages\/3733","targetHints":{"allow":["GET"]}}],"collection":[{"href":"https:\/\/honuahonu.com\/index.php\/wp-json\/wp\/v2\/pages"}],"about":[{"href":"https:\/\/honuahonu.com\/index.php\/wp-json\/wp\/v2\/types\/page"}],"author":[{"embeddable":true,"href":"https:\/\/honuahonu.com\/index.php\/wp-json\/wp\/v2\/users\/1"}],"replies":[{"embeddable":true,"href":"https:\/\/honuahonu.com\/index.php\/wp-json\/wp\/v2\/comments?post=3733"}],"version-history":[{"count":16,"href":"https:\/\/honuahonu.com\/index.php\/wp-json\/wp\/v2\/pages\/3733\/revisions"}],"predecessor-version":[{"id":3756,"href":"https:\/\/honuahonu.com\/index.php\/wp-json\/wp\/v2\/pages\/3733\/revisions\/3756"}],"wp:featuredmedia":[{"embeddable":true,"href":"https:\/\/honuahonu.com\/index.php\/wp-json\/wp\/v2\/media\/2664"}],"wp:attachment":[{"href":"https:\/\/honuahonu.com\/index.php\/wp-json\/wp\/v2\/media?parent=3733"}],"wp:term":[{"taxonomy":"folder","embeddable":true,"href":"https:\/\/honuahonu.com\/index.php\/wp-json\/wp\/v2\/folder?post=3733"}],"curies":[{"name":"wp","href":"https:\/\/api.w.org\/{rel}","templated":true}]}}