{"id":3850,"date":"2024-10-31T16:20:49","date_gmt":"2024-10-31T15:20:49","guid":{"rendered":"https:\/\/honuahonu.com\/?post_type=product&#038;p=3850"},"modified":"2024-10-31T16:21:50","modified_gmt":"2024-10-31T15:21:50","slug":"marque-page-lilou-honu","status":"publish","type":"product","link":"https:\/\/honuahonu.com\/index.php\/produit\/marque-page-lilou-honu\/","title":{"rendered":"Marque page Lilou &#038; Honu"},"content":{"rendered":"<p>Tir\u00e9 de la premi\u00e8re couverture que nous avions imagin\u00e9e pour le livre, ce dessin a une signification particuli\u00e8re pour nous. En effet, c\u2019est la toute premi\u00e8re illustration qu\u2019a r\u00e9alis\u00e9e Loan lorsqu\u2019 elle a commenc\u00e9 \u00e0 travailler sur le projet.<\/p>\n<p>Imprim\u00e9 sur papier recycl\u00e9 12\/160 satin\u00e9, ce marque-page vous permettra de garder en t\u00eate l\u00e0 ou la lecture s&rsquo;est arr\u00eat\u00e9e, en compagnie de Lilou ou de Honu, suivant le c\u00f4t\u00e9 que vous pr\u00e9f\u00e9rez !<\/p>\n","protected":false},"excerpt":{"rendered":"<p>Tir\u00e9 de la premi\u00e8re couverture que nous avions imagin\u00e9e pour le livre, ce dessin a une signification particuli\u00e8re pour nous. En effet, c\u2019est la toute premi\u00e8re illustration qu\u2019a r\u00e9alis\u00e9e Loan lorsqu\u2019 elle a commenc\u00e9 \u00e0 travailler sur le projet. Imprim\u00e9 sur papier recycl\u00e9 12\/160 satin\u00e9, ce marque-page vous permettra de garder en t\u00eate l\u00e0 ou [&hellip;]<\/p>\n","protected":false},"featured_media":3852,"comment_status":"closed","ping_status":"closed","template":"","meta":{"om_disable_all_campaigns":false,"_uag_custom_page_level_css":"","_monsterinsights_skip_tracking":false,"_monsterinsights_sitenote_active":false,"_monsterinsights_sitenote_note":"","_monsterinsights_sitenote_category":0,"_uf_show_specific_survey":0,"_uf_disable_surveys":false,"site-sidebar-layout":"default","site-content-layout":"","ast-site-content-layout":"default","site-content-style":"default","site-sidebar-style":"default","ast-global-header-display":"","ast-banner-title-visibility":"","ast-main-header-display":"","ast-hfb-above-header-display":"","ast-hfb-below-header-display":"","ast-hfb-mobile-header-display":"","site-post-title":"","ast-breadcrumbs-content":"","ast-featured-img":"","footer-sml-layout":"","theme-transparent-header-meta":"default","adv-header-id-meta":"","stick-header-meta":"","header-above-stick-meta":"","header-main-stick-meta":"","header-below-stick-meta":"","astra-migrate-meta-layouts":"set","ast-page-background-enabled":"default","ast-page-background-meta":{"desktop":{"background-color":"var(--ast-global-color-4)","background-image":"","background-repeat":"repeat","background-position":"center center","background-size":"auto","background-attachment":"scroll","background-type":"","background-media":"","overlay-type":"","overlay-color":"","overlay-opacity":"","overlay-gradient":""},"tablet":{"background-color":"","background-image":"","background-repeat":"repeat","background-position":"center center","background-size":"auto","background-attachment":"scroll","background-type":"","background-media":"","overlay-type":"","overlay-color":"","overlay-opacity":"","overlay-gradient":""},"mobile":{"background-color":"","background-image":"","background-repeat":"repeat","background-position":"center center","background-size":"auto","background-attachment":"scroll","background-type":"","background-media":"","overlay-type":"","overlay-color":"","overlay-opacity":"","overlay-gradient":""}},"ast-content-background-meta":{"desktop":{"background-color":"var(--ast-global-color-5)","background-image":"","background-repeat":"repeat","background-position":"center center","background-size":"auto","background-attachment":"scroll","background-type":"","background-media":"","overlay-type":"","overlay-color":"","overlay-opacity":"","overlay-gradient":""},"tablet":{"background-color":"var(--ast-global-color-5)","background-image":"","background-repeat":"repeat","background-position":"center center","background-size":"auto","background-attachment":"scroll","background-type":"","background-media":"","overlay-type":"","overlay-color":"","overlay-opacity":"","overlay-gradient":""},"mobile":{"background-color":"var(--ast-global-color-5)","background-image":"","background-repeat":"repeat","background-position":"center center","background-size":"auto","background-attachment":"scroll","background-type":"","background-media":"","overlay-type":"","overlay-color":"","overlay-opacity":"","overlay-gradient":""}}},"product_brand":[],"product_cat":[110],"product_tag":[],"class_list":{"0":"post-3850","1":"product","2":"type-product","3":"status-publish","4":"has-post-thumbnail","6":"product_cat-livre-de-conte","7":"product_shipping_class-livre","8":"desktop-align-left","9":"tablet-align-left","10":"mobile-align-left","12":"first","13":"instock","14":"taxable","15":"shipping-taxable","16":"purchasable","17":"product-type-simple"},"aioseo_notices":[],"uagb_featured_image_src":{"full":["https:\/\/honuahonu.com\/wp-content\/uploads\/2024\/10\/marque-page_shop2.jpg",1920,1344,false],"thumbnail":["https:\/\/honuahonu.com\/wp-content\/uploads\/2024\/10\/marque-page_shop2-150x150.jpg",150,150,true],"medium":["https:\/\/honuahonu.com\/wp-content\/uploads\/2024\/10\/marque-page_shop2-300x210.jpg",300,210,true],"medium_large":["https:\/\/honuahonu.com\/wp-content\/uploads\/2024\/10\/marque-page_shop2-768x538.jpg",768,538,true],"large":["https:\/\/honuahonu.com\/wp-content\/uploads\/2024\/10\/marque-page_shop2-1024x717.jpg",1024,717,true],"1536x1536":["https:\/\/honuahonu.com\/wp-content\/uploads\/2024\/10\/marque-page_shop2-1536x1075.jpg",1536,1075,true],"2048x2048":["https:\/\/honuahonu.com\/wp-content\/uploads\/2024\/10\/marque-page_shop2.jpg",1920,1344,false],"woocommerce_thumbnail":["https:\/\/honuahonu.com\/wp-content\/uploads\/2024\/10\/marque-page_shop2-300x300.jpg",300,300,true],"woocommerce_single":["https:\/\/honuahonu.com\/wp-content\/uploads\/2024\/10\/marque-page_shop2-600x420.jpg",600,420,true],"woocommerce_gallery_thumbnail":["https:\/\/honuahonu.com\/wp-content\/uploads\/2024\/10\/marque-page_shop2-100x100.jpg",100,100,true]},"uagb_author_info":{"display_name":"Cryptortue","author_link":"https:\/\/honuahonu.com\/index.php\/author\/"},"uagb_comment_info":0,"uagb_excerpt":"Tir\u00e9 de la premi\u00e8re couverture que nous avions imagin\u00e9e pour le livre, ce dessin a une signification particuli\u00e8re pour nous. En effet, c\u2019est la toute premi\u00e8re illustration qu\u2019a r\u00e9alis\u00e9e Loan lorsqu\u2019 elle a commenc\u00e9 \u00e0 travailler sur le projet. Imprim\u00e9 sur papier recycl\u00e9 12\/160 satin\u00e9, ce marque-page vous permettra de garder en t\u00eate l\u00e0 ou\u2026","_links":{"self":[{"href":"https:\/\/honuahonu.com\/index.php\/wp-json\/wp\/v2\/product\/3850","targetHints":{"allow":["GET"]}}],"collection":[{"href":"https:\/\/honuahonu.com\/index.php\/wp-json\/wp\/v2\/product"}],"about":[{"href":"https:\/\/honuahonu.com\/index.php\/wp-json\/wp\/v2\/types\/product"}],"replies":[{"embeddable":true,"href":"https:\/\/honuahonu.com\/index.php\/wp-json\/wp\/v2\/comments?post=3850"}],"wp:featuredmedia":[{"embeddable":true,"href":"https:\/\/honuahonu.com\/index.php\/wp-json\/wp\/v2\/media\/3852"}],"wp:attachment":[{"href":"https:\/\/honuahonu.com\/index.php\/wp-json\/wp\/v2\/media?parent=3850"}],"wp:term":[{"taxonomy":"product_brand","embeddable":true,"href":"https:\/\/honuahonu.com\/index.php\/wp-json\/wp\/v2\/product_brand?post=3850"},{"taxonomy":"product_cat","embeddable":true,"href":"https:\/\/honuahonu.com\/index.php\/wp-json\/wp\/v2\/product_cat?post=3850"},{"taxonomy":"product_tag","embeddable":true,"href":"https:\/\/honuahonu.com\/index.php\/wp-json\/wp\/v2\/product_tag?post=3850"}],"curies":[{"name":"wp","href":"https:\/\/api.w.org\/{rel}","templated":true}]}}